{"id":4256,"date":"2024-07-18T09:57:50","date_gmt":"2024-07-18T07:57:50","guid":{"rendered":"https:\/\/champalm.com\/?page_id=4256"},"modified":"2025-04-14T19:29:33","modified_gmt":"2025-04-14T17:29:33","slug":"mentions-legales","status":"publish","type":"page","link":"https:\/\/champalm.com\/en\/mentions-legales\/","title":{"rendered":"Legal Notice"},"content":{"rendered":"<p><strong>I. TECHNICAL INFORMATION<\/strong><\/p>\n\n\n\n<p><strong>Internet network<\/strong><\/p>\n\n\n\n<p>It is reminded that the confidentiality of correspondence is not guaranteed on the Internet network and that it is the responsibility of each Internet user to take all appropriate measures to protect their own data and\/or software from potential viruses circulating on the Internet.<\/p>\n\n\n\n<p><strong>II. PERSONAL DATA<\/strong><\/p>\n\n\n\n<p>All information related to your account is used solely in the context of your commercial relationship with www.champalm.com. This information is never shared with third parties or resold. In accordance with the provisions of Law No. 78-17 of January 6, 1978, relating to data processing, files, and freedoms, the website has been declared to the CNIL (Commission Nationale Informatique et Libert\u00e9s), under the number 1517135 <a href=\"tel:1517135\">1517135<\/a> v 0.<\/p>\n\n\n\n<p><strong>III. THE COMPANY<\/strong><\/p>\n\n\n\n<p><strong>Website publisher:<\/strong><\/p>\n\n\n\n<p>\u00ab\u00a0CHAMPALM\u00a0\u00bb\u00a0<br>SAS au capital de\u00a05.000 \u20ac<br><strong>Head office\u00a0<\/strong>: \u00a036 avenue de la Mav\u00e9ria, 74940 ANNECY \u2013 FRANCE<br><strong>RCS ANNECY<\/strong> <a href=\"tel:823%20254%20198\">9<\/a>81 206 949<br><strong>EU VAT number:<\/strong>\u00a0: FR77981206949\u00a0<br><strong>Email<\/strong>\u00a0:\u00a0contact.champalm@gmail.com<\/p>\n\n\n\n<p><strong>Publishing Director:&nbsp;<\/strong><br>Elsa CAZENEUVE<\/p>","protected":false},"excerpt":{"rendered":"<p>I. INFORMATIONS TECHNIQUES R\u00e9seau internet Il est rappel\u00e9 que le secret des correspondances n\u2019est pas garanti sur le r\u00e9seau Internet et qu\u2019il appartient \u00e0 chaque utilisateur d\u2019Internet de prendre toutes les mesures appropri\u00e9es de fa\u00e7on \u00e0 prot\u00e9ger ses propres donn\u00e9es et\/ou logiciels de la contamination d\u2019\u00e9ventuels virus circulant sur Internet. [&hellip;]<\/p>\n","protected":false},"author":1,"featured_media":0,"parent":0,"menu_order":0,"comment_status":"closed","ping_status":"closed","template":"","meta":{"footnotes":""},"class_list":["post-4256","page","type-page","status-publish","hentry"],"jetpack_sharing_enabled":true,"_links":{"self":[{"href":"https:\/\/champalm.com\/en\/wp-json\/wp\/v2\/pages\/4256","targetHints":{"allow":["GET"]}}],"collection":[{"href":"https:\/\/champalm.com\/en\/wp-json\/wp\/v2\/pages"}],"about":[{"href":"https:\/\/champalm.com\/en\/wp-json\/wp\/v2\/types\/page"}],"author":[{"embeddable":true,"href":"https:\/\/champalm.com\/en\/wp-json\/wp\/v2\/users\/1"}],"replies":[{"embeddable":true,"href":"https:\/\/champalm.com\/en\/wp-json\/wp\/v2\/comments?post=4256"}],"version-history":[{"count":4,"href":"https:\/\/champalm.com\/en\/wp-json\/wp\/v2\/pages\/4256\/revisions"}],"predecessor-version":[{"id":4660,"href":"https:\/\/champalm.com\/en\/wp-json\/wp\/v2\/pages\/4256\/revisions\/4660"}],"wp:attachment":[{"href":"https:\/\/champalm.com\/en\/wp-json\/wp\/v2\/media?parent=4256"}],"curies":[{"name":"wp","href":"https:\/\/api.w.org\/{rel}","templated":true}]}}