{"id":4260,"date":"2024-07-18T10:03:23","date_gmt":"2024-07-18T08:03:23","guid":{"rendered":"https:\/\/champalm.com\/?page_id=4260"},"modified":"2025-04-14T19:32:12","modified_gmt":"2025-04-14T17:32:12","slug":"politique-de-remboursement","status":"publish","type":"page","link":"https:\/\/champalm.com\/en\/politique-de-remboursement\/","title":{"rendered":"Refund Policy"},"content":{"rendered":"<p><\/p>\n\n\n\n<p><strong>Returns and exchanges<\/strong> : Returns and exchanges are possible from your CHAMPALM customer area within 14 days of receiving your order.\u00a0<\/p>\n\n\n\n<h5 class=\"wp-block-heading\"><strong>FOR A REFUND TO BE ACCEPTED, EACH RETURN MUST INCLUDE:<\/strong><\/h5>\n\n\n\n<ul class=\"wp-block-list\">\n<li>The product&nbsp;<\/li>\n\n\n\n<li>The original tag<\/li>\n<\/ul>","protected":false},"excerpt":{"rendered":"<p>Retours et \u00e9changes : Les retours et \u00e9changes sont possibles depuis votre espace client CHAMPALM dans un d\u00e9lai de 14 jours \u00e0 compter de la r\u00e9ception de votre commande.\u00a0 AFIN QU&rsquo;UN REMBOURSEMENT SOIT ACCEPT\u00c9, CHAQUE RETOUR DOIT COMPORTER :<\/p>","protected":false},"author":1,"featured_media":0,"parent":0,"menu_order":0,"comment_status":"closed","ping_status":"closed","template":"","meta":{"footnotes":""},"class_list":["post-4260","page","type-page","status-publish","hentry"],"jetpack_sharing_enabled":true,"_links":{"self":[{"href":"https:\/\/champalm.com\/en\/wp-json\/wp\/v2\/pages\/4260","targetHints":{"allow":["GET"]}}],"collection":[{"href":"https:\/\/champalm.com\/en\/wp-json\/wp\/v2\/pages"}],"about":[{"href":"https:\/\/champalm.com\/en\/wp-json\/wp\/v2\/types\/page"}],"author":[{"embeddable":true,"href":"https:\/\/champalm.com\/en\/wp-json\/wp\/v2\/users\/1"}],"replies":[{"embeddable":true,"href":"https:\/\/champalm.com\/en\/wp-json\/wp\/v2\/comments?post=4260"}],"version-history":[{"count":3,"href":"https:\/\/champalm.com\/en\/wp-json\/wp\/v2\/pages\/4260\/revisions"}],"predecessor-version":[{"id":4662,"href":"https:\/\/champalm.com\/en\/wp-json\/wp\/v2\/pages\/4260\/revisions\/4662"}],"wp:attachment":[{"href":"https:\/\/champalm.com\/en\/wp-json\/wp\/v2\/media?parent=4260"}],"curies":[{"name":"wp","href":"https:\/\/api.w.org\/{rel}","templated":true}]}}