{"id":129,"date":"2019-03-20T04:12:33","date_gmt":"2019-03-20T04:12:33","guid":{"rendered":"https:\/\/goya.everthemes.com\/demo-fashion\/?page_id=129"},"modified":"2025-04-14T12:07:15","modified_gmt":"2025-04-14T10:07:15","slug":"a-propos-de-nous","status":"publish","type":"page","link":"https:\/\/champalm.com\/fr_fr\/a-propos-de-nous\/","title":{"rendered":"A propos de nous"},"content":{"rendered":"<div class=\"wpb-content-wrapper\"><div  class=\"sec_row container-fluid\"><div class=\"vc_row wpb_row vc_row-fluid no-padding video-bg-row vc_custom_1715364143086 vc_row-has-fill vc_row-o-full-height vc_row-o-columns-stretch vc_row-o-equal-height vc_row-o-content-middle vc_row-flex\"><div class=\"wpb_column vc_column_container vc_col-sm-12 et-dark-column\"><div class=\"vc_column-inner\"><div class=\"wpb_wrapper\"><div class=\"vc_row wpb_row vc_inner vc_row-fluid vc_custom_1562734895463 vc_row-has-fill vc_row-o-equal-height vc_row-o-content-middle vc_row-flex\"><div class=\"wpb_column vc_column_container vc_col-sm-12 et-dark-column\"><div class=\"vc_column-inner  vc_custom_1562725835995\"><div class=\"wpb_wrapper\">\n\t<div class=\"wpb_text_column wpb_content_element animation bottom-to-top  vc_custom_1715364192305\" >\n\t\t<div class=\"wpb_wrapper\">\n\t\t\t<h1 style=\"text-align: center;\">A propos de nous<\/h1>\n\n\t\t<\/div>\n\t<\/div>\n<\/div><\/div><\/div><\/div><\/div><\/div><\/div><\/div><\/div><div  class=\"sec_row container-fluid\"><div class=\"vc_row wpb_row vc_row-fluid no-padding vc_custom_1588128835660\"><div class=\"wpb_column vc_column_container vc_col-sm-12 et-dark-column\"><div class=\"vc_column-inner\"><div class=\"wpb_wrapper\"><div class=\"vc_row wpb_row vc_inner vc_row-fluid max_width align-center vc_row-o-content-middle vc_row-flex\"><div class=\"wpb_column vc_column_container animation left-to-right vc_col-sm-12 vc_col-md-7 et-dark-column\"><div class=\"vc_column-inner\"><div class=\"wpb_wrapper\">\n\t<div  class=\"wpb_single_image wpb_content_element vc_align_center\">\n\t\t\n\t\t<figure class=\"wpb_wrapper vc_figure\">\n\t\t\t<div class=\"vc_single_image-wrapper   vc_box_border_grey\"><img loading=\"lazy\" decoding=\"async\" width=\"556\" height=\"556\" src=\"https:\/\/i0.wp.com\/champalm.com\/wp-content\/uploads\/2024\/02\/Capture-decran-2024-02-21-a-13.09.07.png?fit=556%2C556&amp;ssl=1\" class=\"vc_single_image-img attachment-full\" alt=\"\" title=\"Capture d\u2019\u00e9cran 2024-02-21 \u00e0 13.09.07\" srcset=\"https:\/\/i0.wp.com\/champalm.com\/wp-content\/uploads\/2024\/02\/Capture-decran-2024-02-21-a-13.09.07.png?w=556&amp;ssl=1 556w, https:\/\/i0.wp.com\/champalm.com\/wp-content\/uploads\/2024\/02\/Capture-decran-2024-02-21-a-13.09.07.png?resize=300%2C300&amp;ssl=1 300w, https:\/\/i0.wp.com\/champalm.com\/wp-content\/uploads\/2024\/02\/Capture-decran-2024-02-21-a-13.09.07.png?resize=150%2C150&amp;ssl=1 150w, https:\/\/i0.wp.com\/champalm.com\/wp-content\/uploads\/2024\/02\/Capture-decran-2024-02-21-a-13.09.07.png?resize=450%2C450&amp;ssl=1 450w, https:\/\/i0.wp.com\/champalm.com\/wp-content\/uploads\/2024\/02\/Capture-decran-2024-02-21-a-13.09.07.png?resize=100%2C100&amp;ssl=1 100w, https:\/\/i0.wp.com\/champalm.com\/wp-content\/uploads\/2024\/02\/Capture-decran-2024-02-21-a-13.09.07.png?resize=50%2C50&amp;ssl=1 50w\" sizes=\"auto, (max-width: 556px) 100vw, 556px\" \/><\/div>\n\t\t<\/figure>\n\t<\/div>\n<\/div><\/div><\/div><div class=\"wpb_column vc_column_container animation right-to-left vc_col-sm-12 vc_col-md-5 et-dark-column\"><div class=\"vc_column-inner  vc_custom_1578532669392\"><div class=\"wpb_wrapper\">\n\t<div class=\"wpb_text_column wpb_content_element  \" >\n\t\t<div class=\"wpb_wrapper\">\n\t\t\t<h5 class=\"fancy-title\">CHAMPALM<\/h5>\n<h3>L&rsquo;\u00e9l\u00e9gance \u00e0 la Fran\u00e7aise<\/h3>\n<p>Marque lifestyle, inspir\u00e9e du voyage et de la French Riviera, caract\u00e9ris\u00e9e par des produits qui allient confort et\u00a0chic.<\/p>\n\n\t\t<\/div>\n\t<\/div>\n<\/div><\/div><\/div><\/div><\/div><\/div><\/div><\/div><\/div><div  class=\"sec_row container-fluid\"><div class=\"vc_row wpb_row vc_row-fluid no-padding vc_custom_1588129008197 vc_row-has-fill\"><div class=\"wpb_column vc_column_container vc_col-sm-12 et-dark-column\"><div class=\"vc_column-inner\"><div class=\"wpb_wrapper\"><div class=\"vc_row wpb_row vc_inner vc_row-fluid max_width align-center align-center vc_row-o-equal-height vc_row-flex\"><div class=\"wpb_column vc_column_container animation bottom-to-top vc_col-sm-12 vc_col-lg-5 et-dark-column\"><div class=\"vc_column-inner\"><div class=\"wpb_wrapper\">\n\t<div class=\"wpb_text_column wpb_content_element  \" >\n\t\t<div class=\"wpb_wrapper\">\n\t\t\t<h5 class=\"fancy-title\" style=\"text-align: center;\">2024<\/h5>\n<h2 style=\"text-align: center;\">Notre histoire<\/h2>\n\n\t\t<\/div>\n\t<\/div>\n<\/div><\/div><\/div><\/div><div class=\"vc_row wpb_row vc_inner vc_row-fluid max_width align-center align-center vc_row-o-equal-height vc_row-flex\"><div class=\"wpb_column vc_column_container animation bottom-to-top vc_col-sm-12 vc_col-lg-4 et-dark-column\"><div class=\"vc_column-inner\"><div class=\"wpb_wrapper\">\n\t<div class=\"wpb_text_column wpb_content_element  \" >\n\t\t<div class=\"wpb_wrapper\">\n\t\t\t<p>Champalm est une marque fran\u00e7aise qui a \u00e9t\u00e9 cr\u00e9\u00e9e en Novembre 2023 par Elsa et K\u00e9vin.<\/p>\n<p>Apr\u00e8s 5 ann\u00e9es pass\u00e9es ensemble, des dipl\u00f4mes universitaires et des comp\u00e9tences professionnelles acquises en tant que salari\u00e9s dans diff\u00e9rentes entreprises, nous avons d\u00e9cid\u00e9 de rassembler nos comp\u00e9tences et nos savoirs compl\u00e9mentaires afin de mettre \u00e0 jour notre projet, l\u2019ouverture de notre entreprise.<\/p>\n\n\t\t<\/div>\n\t<\/div>\n<\/div><\/div><\/div><div class=\"wpb_column vc_column_container animation bottom-to-top vc_col-sm-12 vc_col-lg-4 et-dark-column\"><div class=\"vc_column-inner\"><div class=\"wpb_wrapper\">\n\t<div class=\"wpb_text_column wpb_content_element  \" >\n\t\t<div class=\"wpb_wrapper\">\n\t\t\t<p>Champalm, c\u2019est la liaison entre le champagne, Elsa \u00e9tant native de Reims en Champagne-Ardenne, et les palmiers, qui arborent la ville de Toulon d\u2019o\u00f9 provient K\u00e9vin en r\u00e9gion Provence Alpes C\u00f4te d&rsquo;Azur.<\/p>\n<p>Venez d\u00e9couvrir les diff\u00e9rents produits de la marque et plongez dans l\u2019univers ensoleill\u00e9 de Champalm !<\/p>\n\n\t\t<\/div>\n\t<\/div>\n<\/div><\/div><\/div><\/div><\/div><\/div><\/div><\/div><\/div><div  class=\"sec_row container-fluid\"><div class=\"vc_row wpb_row vc_row-fluid vc_custom_1715347613052 vc_row-has-fill\"><div class=\"wpb_column vc_column_container vc_col-sm-12 et-dark-column\"><div class=\"vc_column-inner\"><div class=\"wpb_wrapper\"><div class=\"vc_row wpb_row vc_inner vc_row-fluid max_width align-center vc_custom_1578532916555\"><div class=\"wpb_column vc_column_container animation bottom-to-top vc_col-sm-12 vc_col-lg-6 et-dark-column\"><div class=\"vc_column-inner\"><div class=\"wpb_wrapper\">\n\t<div class=\"wpb_text_column wpb_content_element  \" >\n\t\t<div class=\"wpb_wrapper\">\n\t\t\t<h4 class=\"fancy-title\" style=\"text-align: center;\">Nos valeurs<\/h4>\n\n\t\t<\/div>\n\t<\/div>\n<\/div><\/div><\/div><\/div><div class=\"vc_row wpb_row vc_inner vc_row-fluid max_width align-center\"><div class=\"wpb_column vc_column_container animation bottom-to-top vc_col-sm-12 vc_col-lg-8 et-dark-column\"><div class=\"vc_column-inner\"><div class=\"wpb_wrapper\">\t<div id=\"et-icon-holder-470\" class=\"et-icon-holder row center-true lg-block-grid-3 md-block-grid-2 block-grid-1 \">\n\t\t\r\n\t<div id=\"et-iconbox-641\" class=\"et-iconbox layout-centered icon-style-simple bottom-spacing-none icon-color- text-color-  \"> \r\n\t\t<div class=\"et-icon-inner\">\r\n\t\t\t\t\t\t<figure class=\"et-feature-icon\">\r\n\t\t\t\t\t\t\t\t<span class=\"pe-7s-sun\"><\/span>\r\n\t\t\t\t\t\t\t<\/figure>\r\n\t\t\t\t\t\t<div class=\"et-feature-content\"> \r\n\t\t\t\t\t\t\t\t\t\t\t\t\t\t\t\t\t<h4 class=\"title\">Authenticit\u00e9<\/h4>\r\n\t\t\t\t\t\t\t\t\t\t\t\t<div class=\"wpb_text_column\"><p>Champalm est une marque dot\u00e9e d\u2019une authenticit\u00e9 exclusive qui r\u00e9v\u00e8le tout le travail de deux jeunes et dynamiques entrepreneurs.<\/p>\n<\/div>\r\n\t\t\t<\/div>\r\n\t\t<\/div>\r\n\t<\/div>\r\n\r\n\t\r\n\t<div id=\"et-iconbox-592\" class=\"et-iconbox layout-centered icon-style-simple bottom-spacing-none icon-color- text-color-  \"> \r\n\t\t<div class=\"et-icon-inner\">\r\n\t\t\t\t\t\t<figure class=\"et-feature-icon\">\r\n\t\t\t\t\t\t\t\t<span class=\"pe-7s-star\"><\/span>\r\n\t\t\t\t\t\t\t<\/figure>\r\n\t\t\t\t\t\t<div class=\"et-feature-content\"> \r\n\t\t\t\t\t\t\t\t\t\t\t\t\t\t\t\t\t<h4 class=\"title\">El\u00e9gance<\/h4>\r\n\t\t\t\t\t\t\t\t\t\t\t\t<div class=\"wpb_text_column\"><p>Un logo \u00e9pur\u00e9, promu par un choix de produits \u00e9l\u00e9gants et chic.<\/p>\n<\/div>\r\n\t\t\t<\/div>\r\n\t\t<\/div>\r\n\t<\/div>\r\n\r\n\t\r\n\t<div id=\"et-iconbox-56\" class=\"et-iconbox layout-centered icon-style-simple bottom-spacing-none icon-color- text-color-  \"> \r\n\t\t<div class=\"et-icon-inner\">\r\n\t\t\t\t\t\t<figure class=\"et-feature-icon\">\r\n\t\t\t\t\t\t\t\t<span class=\"pe-7f-loop\"><\/span>\r\n\t\t\t\t\t\t\t<\/figure>\r\n\t\t\t\t\t\t<div class=\"et-feature-content\"> \r\n\t\t\t\t\t\t\t\t\t\t\t\t\t\t\t\t\t<h4 class=\"title\">Libert\u00e9<\/h4>\r\n\t\t\t\t\t\t\t\t\t\t\t\t<div class=\"wpb_text_column\"><p>Sentez-vous libre pour vos sorties quotidiennes avec nos accessoires au design morderne.<\/p>\n<\/div>\r\n\t\t\t<\/div>\r\n\t\t<\/div>\r\n\t<\/div>\r\n\r\n\t\t<\/div>\n\t<\/div><\/div><\/div><\/div><\/div><\/div><\/div><\/div><\/div>\n<\/div>","protected":false},"excerpt":{"rendered":"A propos de nous CHAMPALM L'\u00e9l\u00e9gance \u00e0 la Fran\u00e7aise Marque lifestyle, inspir\u00e9e du voyage et de la French Riviera, caract\u00e9ris\u00e9e par des produits qui allient confort et\u00a0chic. 2024 Notre histoire Champalm est une marque fran\u00e7aise qui a \u00e9t\u00e9 cr\u00e9\u00e9e en Novembre 2023 par Elsa et K\u00e9vin. Apr\u00e8s 5 ann\u00e9es pass\u00e9es [...]","protected":false},"author":1,"featured_media":0,"parent":0,"menu_order":0,"comment_status":"closed","ping_status":"closed","template":"","meta":{"footnotes":""},"class_list":["post-129","page","type-page","status-publish","hentry"],"jetpack_sharing_enabled":true,"_links":{"self":[{"href":"https:\/\/champalm.com\/fr_fr\/wp-json\/wp\/v2\/pages\/129","targetHints":{"allow":["GET"]}}],"collection":[{"href":"https:\/\/champalm.com\/fr_fr\/wp-json\/wp\/v2\/pages"}],"about":[{"href":"https:\/\/champalm.com\/fr_fr\/wp-json\/wp\/v2\/types\/page"}],"author":[{"embeddable":true,"href":"https:\/\/champalm.com\/fr_fr\/wp-json\/wp\/v2\/users\/1"}],"replies":[{"embeddable":true,"href":"https:\/\/champalm.com\/fr_fr\/wp-json\/wp\/v2\/comments?post=129"}],"version-history":[{"count":40,"href":"https:\/\/champalm.com\/fr_fr\/wp-json\/wp\/v2\/pages\/129\/revisions"}],"predecessor-version":[{"id":4528,"href":"https:\/\/champalm.com\/fr_fr\/wp-json\/wp\/v2\/pages\/129\/revisions\/4528"}],"wp:attachment":[{"href":"https:\/\/champalm.com\/fr_fr\/wp-json\/wp\/v2\/media?parent=129"}],"curies":[{"name":"wp","href":"https:\/\/api.w.org\/{rel}","templated":true}]}}