{"id":3109,"date":"2019-10-24T00:57:41","date_gmt":"2019-10-24T00:57:41","guid":{"rendered":"https:\/\/goya.everthemes.com\/demo-fashion\/?page_id=3109"},"modified":"2025-04-14T19:15:14","modified_gmt":"2025-04-14T17:15:14","slug":"privacy-policy","status":"publish","type":"page","link":"https:\/\/champalm.com\/fr_fr\/privacy-policy\/","title":{"rendered":"Politique de confidentialit\u00e9"},"content":{"rendered":"\n<p><\/p>\n\n\n\n<p>Politique de confidentialit\u00e9 et de protection des Donn\u00e9es \u00e0 Caract\u00e8re Personnel de \u00ab CHAMPALM \u00bb<\/p>\n\n\n\n<p>Ce document vous explique les principes et nos engagements pour la protection de vos Donn\u00e9es \u00e0 Caract\u00e8re Personnel et a pour objectif de vous informer sur :<\/p>\n\n\n\n<p>Les Donn\u00e9es \u00e0 Caract\u00e8re Personnel que \u00ab CHAMPALM \u00bb collecte et les raisons de cette collecte,<br>La fa\u00e7on dont seront utilis\u00e9es ces Donn\u00e9es \u00e0 Caract\u00e8re Personnel,<br>Vos droits en qualit\u00e9 de personne concern\u00e9e par nos traitements de donn\u00e9es.<\/p>\n\n\n\n<p>Cette Politique s\u2019applique \u00e0 tous les services de \u00ab CHAMPALM \u00bb quelle que soit leur nature (site, applications, prestations \u2026)<\/p>\n\n\n\n<p><strong>Le Responsable du Traitement de vos donn\u00e9es<br><\/strong>Le responsable du traitement des donn\u00e9es est \u00ab CHAMPALM \u00bb.<br>Les coordonn\u00e9es de contact sont les suivantes :<br>Courrier \u00e9lectronique : contact.champalm@gmail.com&nbsp;<\/p>\n\n\n\n<p><strong>COMMENT \u00ab CHAMPALM \u00bb MET EN \u0152UVRE LA PROTECTION DES DONN\u00c9ES \u00c0 CARACT\u00c8RE PERSONNEL ?<\/strong><\/p>\n\n\n\n<p>\u00ab CHAMPALM \u00bb s\u2019engage \u00e0 prendre en compte la protection de vos Donn\u00e9es \u00e0 Caract\u00e8re Personnel et de votre vie priv\u00e9e d\u00e8s la conception des services qui vous sont propos\u00e9s (Privacy by design). Pour assurer la s\u00e9curit\u00e9 et garantir le respect et le bon exercice de vos droits, les mesures permettant d\u2019assurer la protection de vos Donn\u00e9es \u00e0 Caract\u00e8re Personnel sont mises en \u0153uvre (Privacy by default).<\/p>\n\n\n\n<p><strong>QUELLES DONN\u00c9ES \u00c0 CARACT\u00c8RE PERSONNEL SONT UTILIS\u00c9ES PAR \u00ab CHAMPALM \u00bb ?<\/strong><\/p>\n\n\n\n<p>&nbsp;\u00ab CHAMPALM \u00bb s\u2019engage \u00e0 ne collecter que des donn\u00e9es strictement n\u00e9cessaires \u00e0 la r\u00e9alisation des services propos\u00e9 et qui sont principalement : nom, pr\u00e9nom, adresse postale, email, num\u00e9ro de t\u00e9l\u00e9phone. Dans le cas o\u00f9 des donn\u00e9es facultatives vous seraient demand\u00e9es, \u00ab CHAMPALM \u00bb vous informera clairement sur les Donn\u00e9es \u00e0 Caract\u00e8re Personnel n\u00e9cessaires \u00e0 la r\u00e9alisation du service.<br>Les Donn\u00e9es \u00e0 Caract\u00e8re Personnel qui sont collect\u00e9es directement aupr\u00e8s de vous ne sont utilis\u00e9es que pour les usages qui ont \u00e9t\u00e9 port\u00e9s \u00e0 votre connaissance.<br>Lorsqu\u2019elles n\u2019auront pas \u00e9t\u00e9 collect\u00e9es aupr\u00e8s de vous, \u00ab CHAMPALM \u00bb vous informera le plus rapidement possible du traitement pour lequel elles ont \u00e9t\u00e9 collect\u00e9es et de ses finalit\u00e9s.<br>Les Donn\u00e9es \u00e0 Caract\u00e8re Personnel sont utilis\u00e9es pour vous proposer d\u2019autres services, uniquement si vous avez accept\u00e9 de b\u00e9n\u00e9ficier de service ou de recevoir des communications compl\u00e9mentaires.<\/p>\n\n\n\n<p><strong>QUEL EST LE FONDEMENT DE LA L\u00c9GITIMIT\u00c9 DE NOS TRAITEMENTS ?<\/strong><\/p>\n\n\n\n<p>&nbsp;\u00ab CHAMPALM \u00bb s\u2019appuie sur les bases l\u00e9gitimes suivantes afin de pouvoir traiter les Donn\u00e9es \u00e0 Caract\u00e8re Personnel :<\/p>\n\n\n\n<p><strong>Ex\u00e9cution du contrat<br><\/strong>La base l\u00e9gale du traitement des Donn\u00e9es \u00e0 Caract\u00e8re Personnel de l\u2019utilisateur qui sont collect\u00e9es est l\u2019ex\u00e9cution du contrat. \u00c0 cet \u00e9gard, l\u2019utilisateur est oblig\u00e9 de fournir les donn\u00e9es n\u00e9cessaires \u00e0 son ex\u00e9cution. S\u2019il ne fournit pas ces donn\u00e9es, \u00e9ventuellement au prestataire de paiement en ligne il ne sera pas possible de r\u00e9aliser la prestation.<\/p>\n\n\n\n<p><strong>Obligations l\u00e9gales<br><\/strong>Les obligations par lesquelles \u00ab CHAMPALM \u00bb se conforme \u00e0 une obligation l\u00e9gale ou r\u00e9glementaire entre dans cette cat\u00e9gorie telle que la gestion et l\u2019\u00e9mission de la facture tel que dans le cadre de la relation de \u00ab CHAMPALM \u00bb avec les clients.<\/p>\n\n\n\n<p><strong>Consentement<br><\/strong>Pour ce qui est des fins suivantes, la base l\u00e9gale du traitement des Donn\u00e9es \u00e0 Caract\u00e8re Personnel de l\u2019utilisateur sera le consentement de ce dernier, dans le cas o\u00f9 il l\u2019aurait donn\u00e9 :<\/p>\n\n\n\n<ul class=\"wp-block-list\">\n<li>Gestion de l\u2019inscription sur le site et les applications.<\/li>\n\n\n\n<li>Gestion de l\u2019envoi d\u2019information sur les activit\u00e9s du site et des informations personnalis\u00e9es adapt\u00e9es au profil de l\u2019utilisateur.<\/li>\n\n\n\n<li>R\u00e9ponse \u00e0 l\u2019exercice des droits, ainsi qu\u2019aux questions et r\u00e9clamations de l\u2019utilisateur.<\/li>\n<\/ul>\n\n\n\n<p>Le retrait du consentement de ces traitements de la part de l\u2019utilisateur ne conditionnera pas l\u2019ex\u00e9cution des contrats conclus par la personne concern\u00e9e avec \u00ab CHAMPALM \u00bb.<\/p>\n\n\n\n<p><strong>Int\u00e9r\u00eat l\u00e9gitime<\/strong><\/p>\n\n\n\n<p>Pour ce qui est des fins suivantes, la base l\u00e9gale du traitement des Donn\u00e9es \u00e0 Caract\u00e8re Personnel de l\u2019utilisateur sera l\u2019int\u00e9r\u00eat l\u00e9gitime de \u00ab CHAMPALM \u00bb :<\/p>\n\n\n\n<ul class=\"wp-block-list\">\n<li>L\u2019\u00e9laboration de profils au moyen de la navigation sur le site de la part d\u2019un utilisateur inscrit sur celui-ci, ainsi que de tous les utilisateurs nous ayant communiqu\u00e9 leurs donn\u00e9es \u00e0 toute autre fin.<\/li>\n\n\n\n<li>L\u2019\u00e9laboration de profils pour l\u2019envoi d\u2019information sur les promotions exclusives, les derni\u00e8res nouveaut\u00e9s et des informations personnalis\u00e9es adapt\u00e9es au profil de l\u2019utilisateur.<\/li>\n\n\n\n<li>L\u2019envoi d\u2019enqu\u00eates de satisfaction sur les produits achet\u00e9s par les clients de \u00ab CHAMPALM \u00bb afin de leur demander leur avis et de les am\u00e9liorer.<\/li>\n<\/ul>\n\n\n\n<p>Notre int\u00e9r\u00eat l\u00e9gitime consiste \u00e0 pouvoir garantir que notre site reste s\u00fbr, et \u00e0 pouvoir aider \u00ab CHAMPALM \u00bb \u00e0 comprendre les besoins, les attentes et le niveau de satisfaction des utilisateurs, pour am\u00e9liorer ainsi les produits et les marques. Toutes ces actions sont r\u00e9alis\u00e9es dans le but d\u2019am\u00e9liorer le niveau de satisfaction du client et d\u2019assurer une exp\u00e9rience unique de navigation et d\u2019achat.<\/p>\n\n\n\n<p><strong>Les Donn\u00e9es \u00e0 Caract\u00e8re Personnel des mineurs<br><\/strong>Certains services peuvent \u00eatre utilis\u00e9s par des mineurs de moins de quinze ans. Dans ce cas, les mineurs doivent obtenir le consentement de leurs parents ou repr\u00e9sentants l\u00e9gaux.<\/p>\n\n\n\n<p><strong>\u00c0 QUI PEUVENT \u00caTRE COMMUNIQU\u00c9ES VOS DONN\u00c9ES \u00c0 CARACT\u00c8RE PERSONNEL ?<\/strong><\/p>\n\n\n\n<p>Vos donn\u00e9es sont susceptibles d\u2019\u00eatre transmises :<\/p>\n\n\n\n<ul class=\"wp-block-list\">\n<li>\u00c0 des services internes de \u00ab CHAMPALM \u00bb : les directions qui sont en charge de l\u2019ex\u00e9cution des services souscrits, notamment Service Clients, Administration des Ventes\u2026<\/li>\n\n\n\n<li>\u00c0 des prestataires externes \u00e0 \u00ab CHAMPALM \u00bb : les prestataires techniques, y compris des sous-traitants ;<\/li>\n\n\n\n<li>\u00c0 des partenaires commerciaux de \u00ab CHAMPALM \u00bb apr\u00e8s vous en avoir pr\u00e9alablement inform\u00e9 et vous avoir permis d\u2019exprimer vos choix gr\u00e2ce \u00e0 une case \u00e0 cocher.<\/li>\n<\/ul>\n\n\n\n<p><strong>VOS DONN\u00c9ES \u00c0 CARACT\u00c8RE PERSONNEL PEUVENT-ELLES \u00caTRE TRANSF\u00c9R\u00c9ES EN DEHORS DE L\u2019UNION EUROP\u00c9ENNE ?<\/strong><\/p>\n\n\n\n<p>&nbsp;\u00ab CHAMPALM \u00bb r\u00e9alise l\u2019ensemble des traitements de vos Donn\u00e9es \u00e0 Caract\u00e8re Personnel sur le territoire de l\u2019Union Europ\u00e9enne (UE).<br>Toutefois, pour certaines prestations sp\u00e9cifiques, \u00ab CHAMPALM \u00bb peut avoir recours \u00e0 des sous-traitants \u00e9tablis en dehors de l\u2019UE. Certaines Donn\u00e9es \u00e0 Caract\u00e8re Personnel peuvent alors leur \u00eatre communiqu\u00e9es pour les stricts besoins de leurs missions. Dans ce cas, conform\u00e9ment \u00e0 la r\u00e8glementation en vigueur, \u00ab CHAMPALM \u00bb exige de ses sous- traitants qu\u2019ils fournissent les garanties n\u00e9cessaires \u00e0 l\u2019encadrement et \u00e0 la s\u00e9curisation de ces transferts, notamment par la signature de clauses contractuelles types de la Commission europ\u00e9enne.<\/p>\n\n\n\n<p><strong>PENDANT COMBIEN DE TEMPS \u00ab CHAMPALM \u00bb CONSERVE VOS DONN\u00c9ES \u00c0 CARACT\u00c8RE PERSONNEL ?<\/strong><\/p>\n\n\n\n<p>La dur\u00e9e de conservation de vos Donn\u00e9es \u00e0 Caract\u00e8re Personnel d\u00e9pend du service souscrit. \u00ab CHAMPALM \u00bb s\u2019engage \u00e0 ne pas conserver vos Donn\u00e9es \u00e0 Caract\u00e8re Personnel au-del\u00e0 de la dur\u00e9e n\u00e9cessaire \u00e0 la fourniture du service, et donc \u00e0 votre utilisation du service, augment\u00e9e de la dur\u00e9e de conservation impos\u00e9e par les r\u00e8gles applicables en mati\u00e8re de prescription l\u00e9gale.<\/p>\n\n\n\n<p><strong>VOS DONN\u00c9ES \u00c0 CARACT\u00c8RE PERSONNEL SONT-ELLES PROT\u00c9G\u00c9ES ?<\/strong><\/p>\n\n\n\n<p>&nbsp;\u00ab CHAMPALM \u00bb s\u2019engage \u00e0 prendre toutes mesures afin d\u2019assurer la s\u00e9curit\u00e9 et la confidentialit\u00e9 des Donn\u00e9es \u00e0 Caract\u00e8re Personnel et notamment \u00e0 emp\u00eacher qu\u2019elles ne soient endommag\u00e9es, effac\u00e9es ou que des tiers non autoris\u00e9s y aient acc\u00e8s.<br>Par ailleurs, en cas d\u2019incident de s\u00e9curit\u00e9 affectant vos Donn\u00e9es \u00e0 Caract\u00e8re Personnel (destruction, perte, alt\u00e9ration ou divulgation), \u00ab CHAMPALM \u00bb s\u2019engage \u00e0 respecter l\u2019obligation de notification des violations de Donn\u00e9es \u00e0 Caract\u00e8re Personnel, notamment aupr\u00e8s de la CNIL.<\/p>\n\n\n\n<p><strong>QUELS SONT VOS DROITS SUR VOS DONN\u00c9ES \u00c0 CARACT\u00c8RE PERSONNEL ?<\/strong><\/p>\n\n\n\n<p>Vous disposez \u00e0 tout moment de la facult\u00e9 d\u2019exercer aupr\u00e8s de \u00ab CHAMPALM \u00bb les droits pr\u00e9vus par la r\u00e9glementation en vigueur applicable en mati\u00e8re de donn\u00e9es \u00e0 caract\u00e8re personnel, sous r\u00e9serve d\u2019en remplir les conditions :<\/p>\n\n\n\n<ul class=\"wp-block-list\">\n<li>Droit d\u2019acc\u00e8s : vous pouvez avoir communication de vos Donn\u00e9es \u00e0 Caract\u00e8re Personnel faisant l\u2019objet d\u2019un traitement par \u00ab CHAMPALM \u00bb ;<\/li>\n\n\n\n<li>Droit de rectification : vous pouvez mettre \u00e0 jour vos Donn\u00e9es \u00e0 Caract\u00e8re Personnel ou faire rectifier vos Donn\u00e9es \u00e0 Caract\u00e8re Personnel trait\u00e9es par \u00ab CHAMPALM \u00bb ;<\/li>\n\n\n\n<li>Droit d\u2019opposition, notamment \u00e0 recevoir des communications commerciales : vous pouvez exprimer votre souhait de ne plus recevoir de communication commerciale de la part de \u00ab CHAMPALM \u00bb ou demander que vos Donn\u00e9es \u00e0 Caract\u00e8re Personnel ne fassent plus l\u2019objet d\u2019un traitement ;<\/li>\n\n\n\n<li>Droit \u00e0 l\u2019effacement : vous pouvez demander la suppression de vos Donn\u00e9es \u00e0 Caract\u00e8re Personnel ;<\/li>\n\n\n\n<li>Droit \u00e0 la limitation : vous pouvez demander la suspension du traitement de vos Donn\u00e9es \u00e0 Caract\u00e8re Personnel ;<\/li>\n\n\n\n<li>Droit \u00e0 la portabilit\u00e9 : vous pouvez demander \u00e0 \u00ab CHAMPALM \u00bb de r\u00e9cup\u00e9rer vos Donn\u00e9es \u00e0 Caract\u00e8re Personnel afin d\u2019en disposer.<\/li>\n<\/ul>\n\n\n\n<p>Lors de la souscription d\u2019un service ou du recueil de vos Donn\u00e9es \u00e0 Caract\u00e8re Personnel, il vous est indiqu\u00e9 l\u2019adresse (postale et\/ou \u00e9lectronique) \u00e0 laquelle envoyer votre demande d\u2019exercice de vos droits.<br>Toute demande doit \u00eatre accompagn\u00e9e d\u2019un justificatif d\u2019identit\u00e9. \u00ab CHAMPALM \u00bb s\u2019engage \u00e0 r\u00e9pondre \u00e0 vos demandes d\u2019exercice de vos droits dans les meilleurs d\u00e9lais et en tout \u00e9tat de cause dans le respect des d\u00e9lais l\u00e9gaux.<\/p>\n\n\n\n<p><strong>QUI CONTACTER ?<br><\/strong>Vous disposez du droit de saisir la Commission nationale de l\u2019informatique et des libert\u00e9s (CNIL), 3 Place de Fontenoy \u2013 TSA 80715 \u2013 75334 Paris Cedex 07 (https:\/\/www.cnil.fr\/) de toute r\u00e9clamation se rapportant \u00e0 la fa\u00e7on dont \u00ab CHAMPALM \u00bb traite vos Donn\u00e9es \u00e0 Caract\u00e8re Personnel.<\/p>\n\n\n\n<p><strong>Modification de la pr\u00e9sente politique<br><\/strong>Les mises \u00e0 jour de la pr\u00e9sente Politique en mati\u00e8re de confidentialit\u00e9 seront publi\u00e9es sur le site web de \u00ab CHAMPALM \u00bb.<\/p>\n\n\n\n<p><strong>POLITIQUE EN MATI\u00c8RE DE COOKIES<\/strong><\/p>\n\n\n\n<p>Le site de \u00ab CHAMPALM \u00bb et toutes ses pages Web utilisent des cookies pour vous distinguer des autres utilisateurs du site. Cela nous permet d\u2019am\u00e9liorer les services et d\u2019optimiser votre exp\u00e9rience utilisateur.<\/p>\n\n\n\n<p>Un cookie consiste en une cha\u00eene d\u2019informations au format texte transf\u00e9r\u00e9e par un site Web vers le disque dur de votre ordinateur afin que le site Web se souvienne de vous. Les cookies peuvent aider un site Web \u00e0 adapter plus rapidement le contenu \u00e0 vos centres d\u2019int\u00e9r\u00eat. La plupart des sites Web importants utilisent des cookies. En g\u00e9n\u00e9ral, un cookie contient le nom du domaine d\u2019origine du cookie ; la \u201cdur\u00e9e de vie\u201d du cookie et une valeur, \u00e0 savoir un num\u00e9ro unique cr\u00e9\u00e9 de fa\u00e7on al\u00e9atoire.<\/p>\n\n\n\n<p>Sur le site \u00ab CHAMPALM \u00bb, il existe :<\/p>\n\n\n\n<ul class=\"wp-block-list\">\n<li>des cookies temporaires, qui demeurent dans le fichier cookie de votre navigateur jusqu\u2019\u00e0 ce que vous quittiez le site et<\/li>\n\n\n\n<li>des cookies persistants, qui demeurent beaucoup plus longtemps dans le fichier cookie de votre navigateur (la dur\u00e9e d\u00e9pend de la dur\u00e9e de vie du cookie en question).<\/li>\n<\/ul>\n\n\n\n<p><strong>Les cookies temporaires sont utilis\u00e9s :<br><\/strong>\u00b7 Pour vous permettre de transf\u00e9rer des informations d\u2019une page \u00e0 l\u2019autre de notre site sans avoir \u00e0 les saisir de nouveau et<br>\u00b7 Pour vous permettre d\u2019acc\u00e9der aux informations d\u2019enregistrement conserv\u00e9es.<\/p>\n\n\n\n<p><strong>Les cookies persistants sont utilis\u00e9s :<br><\/strong>\u00b7 Pour nous aider \u00e0 vous identifier en tant que visiteur (\u00e0 l\u2019aide d\u2019un num\u00e9ro, pas personnellement) lorsque vous revenez sur notre site Web ;<br>\u00b7 Pour nous permettre d\u2019adapter le contenu ou les publicit\u00e9s \u00e0 vos centres d\u2019int\u00e9r\u00eat, ou pour \u00e9viter de vous montrer plusieurs fois les m\u00eames publicit\u00e9s et<br>\u00b7 Pour compiler des statistiques globales anonymes qui nous permettent de comprendre comment les visiteurs utilisent notre site et nous aident \u00e0 am\u00e9liorer la structure de notre site Web. Nous ne pouvons pas vous identifier personnellement de cette fa\u00e7on.<\/p>\n\n\n\n<p>Vous avez la possibilit\u00e9 d\u2019accepter ou de refuser les cookies en modifiant les param\u00e8tres de votre navigateur. Cependant, vous risquez de perdre certaines fonctions interactives du service si les cookies sont d\u00e9sactiv\u00e9s.<\/p>\n\n\n\n<p>Une fen\u00eatre vous permettra lors de votre acc\u00e8s au site de connaitre la nature des cookies et de refuser ceux qui ne sont pas absolument n\u00e9cessaires pour la navigation ou pour les transactions, le service pourra s\u2019en trouver d\u00e9grad\u00e9.<\/p>\n\n\n\n<p><strong>GLOSSAIRE<\/strong><\/p>\n\n\n\n<p>Chaque terme d\u00e9butant par une majuscule a le sens qui lui est donn\u00e9 ci-apr\u00e8s.<\/p>\n\n\n\n<ul class=\"wp-block-list\">\n<li>\u00ab Politique de confidentialit\u00e9 et de protection des Donn\u00e9es \u00e0 Caract\u00e8re Personnel \u00bb et \u00ab Politique \u00bb : d\u00e9signe la pr\u00e9sente Politique d\u00e9crivant les mesures prises pour le traitement, l\u2019exploitation et la gestion de vos Donn\u00e9es \u00e0 Caract\u00e8re Personnel et vos droits en tant que personne concern\u00e9e par le traitement.<\/li>\n\n\n\n<li>\u00ab Donn\u00e9es \u00e0 Caract\u00e8re Personnel \u00bb : D\u00e9signe toute information se rapportant \u00e0 vous et permettant de vous identifier directement ou indirectement.<\/li>\n\n\n\n<li>\u00ab Traitement \u00bb : D\u00e9signe toute op\u00e9ration ou tout ensemble d\u2019op\u00e9rations appliqu\u00e9es \u00e0 vos Donn\u00e9es \u00e0 Caract\u00e8re Personnel.<\/li>\n\n\n\n<li>\u00ab Responsable du traitement \u00bb : D\u00e9signe&nbsp; \u00ab CHAMPALM \u00bb qui r\u00e9alise le traitement de vos Donn\u00e9es \u00e0 Caract\u00e8re Personnel.<\/li>\n\n\n\n<li>\u00ab Violation de donn\u00e9es \u00e0 caract\u00e8re personnel \u00bb : D\u00e9signe une violation de la s\u00e9curit\u00e9, entra\u00eenant, de mani\u00e8re accidentelle ou illicite, la destruction, la perte, l\u2019alt\u00e9ration, la divulgation ou l\u2019acc\u00e8s non autoris\u00e9s \u00e0 vos Donn\u00e9es \u00e0 Caract\u00e8re Personnel.<\/li>\n\n\n\n<li>\u00ab Destinataire \u00bb : D\u00e9signe le service ou l\u2019entreprise qui re\u00e7oit communication et peut acc\u00e9der \u00e0 vos Donn\u00e9es \u00e0 Caract\u00e8re Personnel.<\/li>\n<\/ul>\n","protected":false},"excerpt":{"rendered":"<p>Politique de confidentialit\u00e9 et de protection des Donn\u00e9es \u00e0 Caract\u00e8re Personnel de \u00ab CHAMPALM \u00bb Ce document vous explique les principes et nos engagements pour la protection de vos Donn\u00e9es \u00e0 Caract\u00e8re Personnel et a pour objectif de vous informer sur : Les Donn\u00e9es \u00e0 Caract\u00e8re Personnel que \u00ab CHAMPALM [&hellip;]<\/p>\n","protected":false},"author":1,"featured_media":0,"parent":0,"menu_order":0,"comment_status":"closed","ping_status":"closed","template":"","meta":{"footnotes":""},"class_list":["post-3109","page","type-page","status-publish","hentry"],"jetpack_sharing_enabled":true,"_links":{"self":[{"href":"https:\/\/champalm.com\/fr_fr\/wp-json\/wp\/v2\/pages\/3109","targetHints":{"allow":["GET"]}}],"collection":[{"href":"https:\/\/champalm.com\/fr_fr\/wp-json\/wp\/v2\/pages"}],"about":[{"href":"https:\/\/champalm.com\/fr_fr\/wp-json\/wp\/v2\/types\/page"}],"author":[{"embeddable":true,"href":"https:\/\/champalm.com\/fr_fr\/wp-json\/wp\/v2\/users\/1"}],"replies":[{"embeddable":true,"href":"https:\/\/champalm.com\/fr_fr\/wp-json\/wp\/v2\/comments?post=3109"}],"version-history":[{"count":2,"href":"https:\/\/champalm.com\/fr_fr\/wp-json\/wp\/v2\/pages\/3109\/revisions"}],"predecessor-version":[{"id":4656,"href":"https:\/\/champalm.com\/fr_fr\/wp-json\/wp\/v2\/pages\/3109\/revisions\/4656"}],"wp:attachment":[{"href":"https:\/\/champalm.com\/fr_fr\/wp-json\/wp\/v2\/media?parent=3109"}],"curies":[{"name":"wp","href":"https:\/\/api.w.org\/{rel}","templated":true}]}}