{"id":4256,"date":"2024-07-18T09:57:50","date_gmt":"2024-07-18T07:57:50","guid":{"rendered":"https:\/\/champalm.com\/?page_id=4256"},"modified":"2025-04-14T19:29:33","modified_gmt":"2025-04-14T17:29:33","slug":"mentions-legales","status":"publish","type":"page","link":"https:\/\/champalm.com\/fr_fr\/mentions-legales\/","title":{"rendered":"Mentions l\u00e9gales"},"content":{"rendered":"\n<p><strong>I. INFORMATIONS TECHNIQUES<\/strong><\/p>\n\n\n\n<p><strong>R\u00e9seau internet<\/strong><\/p>\n\n\n\n<p>Il est rappel\u00e9 que le secret des correspondances n\u2019est pas garanti sur le r\u00e9seau Internet et qu\u2019il appartient \u00e0 chaque utilisateur d\u2019Internet de prendre toutes les mesures appropri\u00e9es de fa\u00e7on \u00e0 prot\u00e9ger ses propres donn\u00e9es et\/ou logiciels de la contamination d\u2019\u00e9ventuels virus circulant sur Internet.<\/p>\n\n\n\n<p><strong>II. DONN\u00c9ES PERSONNELLES<\/strong><\/p>\n\n\n\n<p>Toutes les informations de votre compte ne sont utilis\u00e9es que dans le cadre de votre relation commerciale avec www.champalm.com. Ces informations ne sont jamais partag\u00e9es avec des tiers ou revendues. Conform\u00e9ment aux dispositions de la loi n\u00b0 78-17 du 6 janvier 1978 relative \u00e0 l\u2019informatique, aux fichiers et aux libert\u00e9s, le site a fait l\u2019objet d\u2019une d\u00e9claration \u00e0 la CNIL (Commission Nationale Informatique et Libert\u00e9s), sous le N\u00b0 <a href=\"tel:1517135\">1517135<\/a> v 0.<\/p>\n\n\n\n<p><strong>III. L\u2019ENTREPRISE<\/strong><\/p>\n\n\n\n<p><strong>\u00c9diteur du site :<\/strong><\/p>\n\n\n\n<p>\u00ab\u00a0CHAMPALM\u00a0\u00bb\u00a0<br>SAS au capital de\u00a05.000 \u20ac<br><strong>Si\u00e8ge social\u00a0<\/strong>: \u00a036 avenue de la Mav\u00e9ria, 74940 ANNECY &#8211; FRANCE<br><strong>RCS ANNECY<\/strong> <a href=\"tel:823%20254%20198\">9<\/a>81 206 949<br><strong>N\u00b0 de TVA intracommunautaire<\/strong>\u00a0: FR77981206949\u00a0<br><strong>Email<\/strong>\u00a0:\u00a0contact.champalm@gmail.com<\/p>\n\n\n\n<p><strong>Directrice de la publication :&nbsp;<\/strong><br>Elsa CAZENEUVE<\/p>\n","protected":false},"excerpt":{"rendered":"<p>I. INFORMATIONS TECHNIQUES R\u00e9seau internet Il est rappel\u00e9 que le secret des correspondances n\u2019est pas garanti sur le r\u00e9seau Internet et qu\u2019il appartient \u00e0 chaque utilisateur d\u2019Internet de prendre toutes les mesures appropri\u00e9es de fa\u00e7on \u00e0 prot\u00e9ger ses propres donn\u00e9es et\/ou logiciels de la contamination d\u2019\u00e9ventuels virus circulant sur Internet. [&hellip;]<\/p>\n","protected":false},"author":1,"featured_media":0,"parent":0,"menu_order":0,"comment_status":"closed","ping_status":"closed","template":"","meta":{"footnotes":""},"class_list":["post-4256","page","type-page","status-publish","hentry"],"jetpack_sharing_enabled":true,"_links":{"self":[{"href":"https:\/\/champalm.com\/fr_fr\/wp-json\/wp\/v2\/pages\/4256","targetHints":{"allow":["GET"]}}],"collection":[{"href":"https:\/\/champalm.com\/fr_fr\/wp-json\/wp\/v2\/pages"}],"about":[{"href":"https:\/\/champalm.com\/fr_fr\/wp-json\/wp\/v2\/types\/page"}],"author":[{"embeddable":true,"href":"https:\/\/champalm.com\/fr_fr\/wp-json\/wp\/v2\/users\/1"}],"replies":[{"embeddable":true,"href":"https:\/\/champalm.com\/fr_fr\/wp-json\/wp\/v2\/comments?post=4256"}],"version-history":[{"count":4,"href":"https:\/\/champalm.com\/fr_fr\/wp-json\/wp\/v2\/pages\/4256\/revisions"}],"predecessor-version":[{"id":4660,"href":"https:\/\/champalm.com\/fr_fr\/wp-json\/wp\/v2\/pages\/4256\/revisions\/4660"}],"wp:attachment":[{"href":"https:\/\/champalm.com\/fr_fr\/wp-json\/wp\/v2\/media?parent=4256"}],"curies":[{"name":"wp","href":"https:\/\/api.w.org\/{rel}","templated":true}]}}