{"id":4246,"date":"2024-05-10T20:32:55","date_gmt":"2024-05-10T18:32:55","guid":{"rendered":"https:\/\/champalm.com\/?post_type=product&#038;p=4246"},"modified":"2025-09-29T18:21:52","modified_gmt":"2025-09-29T16:21:52","slug":"4246","status":"publish","type":"product","link":"https:\/\/champalm.com\/fr_fr\/produit\/4246\/","title":{"rendered":"Casquette noire"},"content":{"rendered":"<p><strong>Casquette noire minimaliste et \u00e9l\u00e9gante<\/strong><\/p>\n<p>Optez pour la simplicit\u00e9 avec cette casquette noire, un classique qui ne se d\u00e9mode jamais. Sa teinte sombre lui conf\u00e8re une touche d\u2019\u00e9l\u00e9gance tout en restant discr\u00e8te. Facile \u00e0 associer avec n\u2019importe quelle tenue, cette casquette est id\u00e9ale pour un style urbain ou sportif.<\/p>\n<p><span style=\"text-decoration: underline;\"><strong>Caract\u00e9ristiques :<\/strong><\/span><\/p>\n<ul>\n<li><strong>Couleur<\/strong> : Noire, sobre et \u00e9l\u00e9gante<\/li>\n<li><strong>Composition :<\/strong> Coton<\/li>\n<li><strong>Logo :<\/strong> Brod\u00e9 sur la face avant en dor\u00e9<\/li>\n<li><strong>Mat\u00e9riau<\/strong> : Confortable et durable<\/li>\n<li><strong>Style<\/strong> : Polyvalent, pour une allure moderne et \u00e9pur\u00e9e<\/li>\n<li><strong>Ajustable<\/strong> : Taille unique, avec r\u00e9glage personnalis\u00e9<\/li>\n<li><strong>Livraison :<\/strong> 2 \u00e0 3 jours ouvr\u00e9s<\/li>\n<\/ul>\n","protected":false},"excerpt":{"rendered":"<p>Optez pour la simplicit\u00e9 avec cette casquette noire, un classique qui ne se d\u00e9mode jamais. Sa teinte sombre lui conf\u00e8re une touche d\u2019\u00e9l\u00e9gance tout en restant discr\u00e8te. Facile \u00e0 associer avec n\u2019importe quelle tenue, cette casquette est id\u00e9ale pour un style urbain ou sportif.<\/p>\n","protected":false},"featured_media":4756,"comment_status":"closed","ping_status":"closed","template":"","meta":[],"product_brand":[],"product_cat":[53,86,88,89,90],"product_tag":[],"class_list":{"0":"post-4246","1":"product","2":"type-product","3":"status-publish","4":"has-post-thumbnail","6":"product_cat-accessoires-accessoires","7":"product_cat-accessoires","8":"product_cat-femme","9":"product_cat-homme","10":"product_cat-tous-nos-produits","11":"product_shipping_class-leger-2","13":"first","14":"instock","15":"shipping-taxable","16":"purchasable","17":"product-type-simple"},"jetpack_sharing_enabled":true,"_links":{"self":[{"href":"https:\/\/champalm.com\/fr_fr\/wp-json\/wp\/v2\/product\/4246","targetHints":{"allow":["GET"]}}],"collection":[{"href":"https:\/\/champalm.com\/fr_fr\/wp-json\/wp\/v2\/product"}],"about":[{"href":"https:\/\/champalm.com\/fr_fr\/wp-json\/wp\/v2\/types\/product"}],"replies":[{"embeddable":true,"href":"https:\/\/champalm.com\/fr_fr\/wp-json\/wp\/v2\/comments?post=4246"}],"wp:featuredmedia":[{"embeddable":true,"href":"https:\/\/champalm.com\/fr_fr\/wp-json\/wp\/v2\/media\/4756"}],"wp:attachment":[{"href":"https:\/\/champalm.com\/fr_fr\/wp-json\/wp\/v2\/media?parent=4246"}],"wp:term":[{"taxonomy":"product_brand","embeddable":true,"href":"https:\/\/champalm.com\/fr_fr\/wp-json\/wp\/v2\/product_brand?post=4246"},{"taxonomy":"product_cat","embeddable":true,"href":"https:\/\/champalm.com\/fr_fr\/wp-json\/wp\/v2\/product_cat?post=4246"},{"taxonomy":"product_tag","embeddable":true,"href":"https:\/\/champalm.com\/fr_fr\/wp-json\/wp\/v2\/product_tag?post=4246"}],"curies":[{"name":"wp","href":"https:\/\/api.w.org\/{rel}","templated":true}]}}