{"id":4302,"date":"2024-09-10T18:41:01","date_gmt":"2024-09-10T16:41:01","guid":{"rendered":"https:\/\/champalm.com\/?post_type=product&#038;p=4302"},"modified":"2025-09-15T09:34:11","modified_gmt":"2025-09-15T07:34:11","slug":"short-de-bain","status":"publish","type":"product","link":"https:\/\/champalm.com\/fr_fr\/produit\/short-de-bain\/","title":{"rendered":"Short de bain"},"content":{"rendered":"<div class=\"u-flex u-justify-between u-items-center u-cursor-pointer u-transition-all u-ease-in-out u-duration-300\" data-dropdown-head=\"\">\n<div class=\"u-transition-all u-ease-in-out u-duration-300 -u-rotate-90 !u-rotate-0\" data-dropdown-arrow=\"\"><strong>Short de bain bleu navy<\/strong><\/div>\n<\/div>\n<div data-dropdown-arrow=\"\">\n<p>Parfait pour vos journ\u00e9es \u00e0 la plage ou \u00e0 la piscine, ce short de bain bleu navy allie confort et style. Avec sa coupe large et sa couleur intemporelle, il est con\u00e7u pour vous offrir une grande libert\u00e9 de mouvement tout en restant \u00e9l\u00e9gant. Sa mati\u00e8re l\u00e9g\u00e8re et \u00e0 s\u00e9chage rapide vous assure une exp\u00e9rience agr\u00e9able tout au long de la journ\u00e9e.<\/p>\n<p><span style=\"text-decoration: underline;\"><strong>Caract\u00e9ristiques :<\/strong><\/span><\/p>\n<ul>\n<li><strong>Couleur<\/strong> : Bleu navy, classique et ind\u00e9modable<\/li>\n<li><strong>Taille : <\/strong>Pr\u00e9voir une taille en dessous de votre taille habituelle, coupe large (pas slim)<\/li>\n<li><strong>Logo :<\/strong> Brod\u00e9 de couleur dor\u00e9<\/li>\n<li><strong>Mat\u00e9riau<\/strong> : Polyester, L\u00e9ger et \u00e0 s\u00e9chage rapide, id\u00e9al pour l\u2019eau<\/li>\n<li><strong>Confort<\/strong> : Coupe droite moderne pour une libert\u00e9 de mouvement optimale, short d\u00e9perlant, doublure filet \u00e0 l&rsquo;int\u00e9rieur<\/li>\n<li><strong>Praticit\u00e9<\/strong> : 2 Poches lat\u00e9rales et 1 poche arri\u00e8re avec fermeture \u00e0 scratch<\/li>\n<li><strong>Fermeture :<\/strong> Taille \u00e9lastique avec cordon ajustable<\/li>\n<li><strong>Usage<\/strong> : Parfait pour la plage, la piscine ou les activit\u00e9s nautiques. Gr\u00e2ce \u00e0 sa couleur, ce short sera votre alli\u00e9 id\u00e9al pour vos sorties quotidiennes et s&rsquo;accordera parfaitement avec votre tenue<\/li>\n<\/ul>\n<\/div>\n","protected":false},"excerpt":{"rendered":"<p>Parfait pour vos journ\u00e9es \u00e0 la plage ou \u00e0 la piscine, ce short de bain bleu navy allie confort et style. Avec sa coupe moderne et sa couleur intemporelle, il est con\u00e7u pour vous offrir une grande libert\u00e9 de mouvement tout en restant \u00e9l\u00e9gant. Sa mati\u00e8re l\u00e9g\u00e8re et \u00e0 s\u00e9chage rapide vous assure une exp\u00e9rience agr\u00e9able tout au long de la journ\u00e9e.<\/p>\n<p>&nbsp;<\/p>\n<ul>\n<li><strong>Taille : <\/strong>Pr\u00e9voir une taille en dessous de votre taille habituelle (si vous faites du XL, merci de commander du L).<\/li>\n<li><strong>Coupe :<\/strong> Large, charte des tailles disponible en photo.<\/li>\n<\/ul>\n","protected":false},"featured_media":4519,"comment_status":"closed","ping_status":"closed","template":"","meta":[],"product_brand":[],"product_cat":[89,90],"product_tag":[],"class_list":{"0":"post-4302","1":"product","2":"type-product","3":"status-publish","4":"has-post-thumbnail","6":"product_cat-homme","7":"product_cat-tous-nos-produits","8":"product_shipping_class-leger-2","10":"first","11":"instock","12":"shipping-taxable","13":"purchasable","14":"product-type-variable"},"jetpack_sharing_enabled":true,"_links":{"self":[{"href":"https:\/\/champalm.com\/fr_fr\/wp-json\/wp\/v2\/product\/4302","targetHints":{"allow":["GET"]}}],"collection":[{"href":"https:\/\/champalm.com\/fr_fr\/wp-json\/wp\/v2\/product"}],"about":[{"href":"https:\/\/champalm.com\/fr_fr\/wp-json\/wp\/v2\/types\/product"}],"replies":[{"embeddable":true,"href":"https:\/\/champalm.com\/fr_fr\/wp-json\/wp\/v2\/comments?post=4302"}],"wp:featuredmedia":[{"embeddable":true,"href":"https:\/\/champalm.com\/fr_fr\/wp-json\/wp\/v2\/media\/4519"}],"wp:attachment":[{"href":"https:\/\/champalm.com\/fr_fr\/wp-json\/wp\/v2\/media?parent=4302"}],"wp:term":[{"taxonomy":"product_brand","embeddable":true,"href":"https:\/\/champalm.com\/fr_fr\/wp-json\/wp\/v2\/product_brand?post=4302"},{"taxonomy":"product_cat","embeddable":true,"href":"https:\/\/champalm.com\/fr_fr\/wp-json\/wp\/v2\/product_cat?post=4302"},{"taxonomy":"product_tag","embeddable":true,"href":"https:\/\/champalm.com\/fr_fr\/wp-json\/wp\/v2\/product_tag?post=4302"}],"curies":[{"name":"wp","href":"https:\/\/api.w.org\/{rel}","templated":true}]}}